{"id":746,"date":"2025-02-25T12:03:11","date_gmt":"2025-02-25T11:03:11","guid":{"rendered":"https:\/\/www.ritmicacolombo.it\/?page_id=746"},"modified":"2025-03-18T17:51:37","modified_gmt":"2025-03-18T16:51:37","slug":"5x1000","status":"publish","type":"page","link":"https:\/\/www.ritmicacolombo.it\/?page_id=746","title":{"rendered":"5&#215;1000"},"content":{"rendered":"\r\n\r\n\r\n<p style=\"text-align: justify;\"><span style=\"font-size: 10pt;\">Il 5\u00d71000 \u00e8 una quota percentuale dell\u2019IRPEF (Imposta sul Reddito delle Persone Fisiche) che lo Stato Italiano ripartisce tra gli enti di ricerca scientifica, le organizzazioni non profit e gli enti del Terzo settore che svolgono attivit\u00e0 di utilit\u00e0 sociale.<\/span><\/p>\r\n<p><span style=\"font-size: 10pt;\">\r\n\r\n<\/span><\/p>\r\n<p style=\"text-align: justify;\"><span style=\"font-size: 10pt;\">Ricordiamo che l&#8217;ASD Cristoforo Colombo \u00e8 iscritta nell&#8217;elenco permanente dell&#8217;Agenzia delle Entrate per l&#8217;ottenimento del contributo del 5&#215;1000.<\/span><\/p>\r\n<p><span style=\"font-size: 10pt;\">\r\n\r\n<\/span><\/p>\r\n<p style=\"text-align: justify;\"><span style=\"font-size: 10pt;\">Il contribuente pu\u00f2 destinare la quota del 5 per mille della sua imposta sul reddito delle persone fisiche (Irpef), firmando in uno dei 7 appositi riquadri che figurano sui modelli di dichiarazione (modello Redditi Persone fisiche, modello 730, scheda allegata alla Certificazione unica).<\/span><\/p>\r\n<p><span style=\"font-size: 10pt;\">\r\n\r\n<\/span><\/p>\r\n<p class=\"has-text-align-left\" style=\"text-align: justify;\"><span style=\"font-size: 10pt;\">Per assegnare il 5\u00d71000 \u00e8 sufficiente firmare nel riquadro corrispondente all\u2019ambito prescelto indicando anche il <strong><em><span style=\"text-decoration: underline;\">nostro Codice Fiscale, ovvero 92199620920<\/span><\/em><\/strong>.<\/span><\/p>\r\n<p><span style=\"font-size: 10pt;\">\r\n\r\n<\/span><\/p>\r\n<p class=\"has-text-align-left\" style=\"text-align: justify;\"><span style=\"font-size: 10pt;\">E\u2019 possibile assegnare il 5\u00d71000 anche se non si \u00e8 tenuti a effettuare la dichiarazione dei redditi; in questo caso si compila il modulo allegato al CUD consegnandolo poi ad un patronato o a un commercialista o gratuitamente in un ufficio postale.<\/span><\/p>\r\n<p><span style=\"font-size: 10pt;\">\r\n\r\n<\/span><\/p>\r\n<p style=\"text-align: justify;\"><span style=\"font-size: 10pt;\"><em>Il 5&#215;1000 \u00e8 un\u2019attestazione di fiducia che il singolo cittadino fa nei confronti della nostra ASD, perch\u00e9 premia il buon operato, la causa, le attivit\u00e0 realizzate a sostegno dei singoli e del territorio.<\/em><\/span><\/p>\r\n","protected":false},"excerpt":{"rendered":"<p>Il 5\u00d71000 \u00e8 una quota percentuale dell\u2019IRPEF (Imposta sul Reddito delle Persone Fisiche) che lo Stato Italiano ripartisce tra gli enti di ricerca scientifica, le organizzazioni non profit e gli enti del Terzo settore che svolgono attivit\u00e0 di utilit\u00e0 sociale. Ricordiamo che l&#8217;ASD Cristoforo Colombo \u00e8 iscritta nell&#8217;elenco permanente dell&#8217;Agenzia delle Entrate per l&#8217;ottenimento del [&hellip;]<\/p>\n","protected":false},"author":1,"featured_media":0,"parent":0,"menu_order":0,"comment_status":"closed","ping_status":"closed","template":"","meta":{"ngg_post_thumbnail":0,"footnotes":""},"class_list":["post-746","page","type-page","status-publish","hentry"],"_links":{"self":[{"href":"https:\/\/www.ritmicacolombo.it\/index.php?rest_route=\/wp\/v2\/pages\/746","targetHints":{"allow":["GET"]}}],"collection":[{"href":"https:\/\/www.ritmicacolombo.it\/index.php?rest_route=\/wp\/v2\/pages"}],"about":[{"href":"https:\/\/www.ritmicacolombo.it\/index.php?rest_route=\/wp\/v2\/types\/page"}],"author":[{"embeddable":true,"href":"https:\/\/www.ritmicacolombo.it\/index.php?rest_route=\/wp\/v2\/users\/1"}],"replies":[{"embeddable":true,"href":"https:\/\/www.ritmicacolombo.it\/index.php?rest_route=%2Fwp%2Fv2%2Fcomments&post=746"}],"version-history":[{"count":10,"href":"https:\/\/www.ritmicacolombo.it\/index.php?rest_route=\/wp\/v2\/pages\/746\/revisions"}],"predecessor-version":[{"id":767,"href":"https:\/\/www.ritmicacolombo.it\/index.php?rest_route=\/wp\/v2\/pages\/746\/revisions\/767"}],"wp:attachment":[{"href":"https:\/\/www.ritmicacolombo.it\/index.php?rest_route=%2Fwp%2Fv2%2Fmedia&parent=746"}],"curies":[{"name":"wp","href":"https:\/\/api.w.org\/{rel}","templated":true}]}}