{"id":35,"date":"2013-08-24T17:44:07","date_gmt":"2013-08-24T15:44:07","guid":{"rendered":"http:\/\/www.ritmicacolombo.it\/?page_id=35"},"modified":"2026-03-08T16:56:32","modified_gmt":"2026-03-08T15:56:32","slug":"home","status":"publish","type":"page","link":"https:\/\/www.ritmicacolombo.it\/","title":{"rendered":"Home"},"content":{"rendered":"\r\n<p>&nbsp;<\/p>\r\n\r\n<p><img loading=\"lazy\" decoding=\"async\" class=\"alignnone wp-image-790 size-full\" src=\"http:\/\/www.ritmicacolombo.it\/public\/wp-content\/uploads\/2025\/09\/Flyer-2025.jpg\" alt=\"\" width=\"1080\" height=\"1080\" srcset=\"https:\/\/www.ritmicacolombo.it\/public\/wp-content\/uploads\/2025\/09\/Flyer-2025.jpg 1080w, https:\/\/www.ritmicacolombo.it\/public\/wp-content\/uploads\/2025\/09\/Flyer-2025-300x300.jpg 300w, https:\/\/www.ritmicacolombo.it\/public\/wp-content\/uploads\/2025\/09\/Flyer-2025-1024x1024.jpg 1024w, https:\/\/www.ritmicacolombo.it\/public\/wp-content\/uploads\/2025\/09\/Flyer-2025-150x150.jpg 150w, https:\/\/www.ritmicacolombo.it\/public\/wp-content\/uploads\/2025\/09\/Flyer-2025-768x768.jpg 768w, https:\/\/www.ritmicacolombo.it\/public\/wp-content\/uploads\/2025\/09\/Flyer-2025-624x624.jpg 624w\" sizes=\"auto, (max-width: 1080px) 100vw, 1080px\" \/><\/p>\r\n<p style=\"text-align: justify;\"><span style=\"text-decoration: underline;\"><span style=\"font-size: 14pt;\"><span style=\"font-size: 12pt;\"><strong>Le<\/strong><\/span><strong><span style=\"font-size: 12pt;\"> lezioni avranno inizio a settembre 2025 e si terranno presso la palestra dell&#8217;Istituto Comprensivo Santa Caterina nella sede denominata Via Picenoe nella palestra denominata Palestra A del Coni.<\/span> <\/strong><\/span><\/span><\/p>\r\n<p style=\"text-align: justify;\"><span style=\"font-size: 10pt;\">Sar\u00e0 possibile fare un prova gratuita previa prenotazione obbligatoria telefonicamente (3402446274) o tramite mail (info@ritmicacolombo.it)<\/span><br><span style=\"font-size: 10pt;\">E\u2019 possibile comunque fare la prima lezione di prova gratuita in qualsiasi momento dell\u2019anno (previa prenotazione).<\/span><\/p>\r\n<p style=\"text-align: justify;\"><span style=\"font-size: 10pt;\">Informiamo inoltre che l\u2019A.S.D. Cristoforo Colombo \u00e8 dotata di defibrillatore semiautomatico e le istruttrici sono state formate con corso specifico BLSD nel rispetto della normativa vigente.<\/span><\/p>\r\n<p style=\"text-align: justify;\"><span style=\"font-size: 10pt;\">L\u2019A.S.D. Cristoforo Colombo adotta, in conformit\u00e0 con la normativa vigente, un protocollo elaborato appositamente per la nostra attivit\u00e0 sportiva.<\/span><\/p>\r\n<p style=\"text-align: justify;\"><span style=\"font-size: 10pt;\"><strong>Ricordiamo che tutte le ginnaste devono presentare il certificato medico (sia per il settore agonistico che per il promozionale) in corso di validit\u00e0. In caso di iscrizione all&#8217;attivit\u00e0 agonistica, il certificato sar\u00e0 accompagnato dal modulo di richiesta <\/strong><strong>del Presidente della ASD Cristoforo Colombo.<\/strong><\/span><\/p>\r\n<hr>\r\n<p><span style=\"font-size: 10pt;\">Nel corso del 2024 siamo stati inseriti nell&#8217;elenco permanente dell&#8217;agenzie delle entrate per l&#8217;ottenimento del contributo del 5 per mille.&nbsp; <\/span><span style=\"font-size: 10pt;\">Se avete piacere potete DESTINARE il 5 per mille alla nostra ASD indicando il codice fiscale nell\u2019apposita scheda allegata alla certificazione unica, al modello 730-1 o al modello unico persone fisiche e sottoscrivere la relativa dichiarazione di destinazione, ovvero: <br><\/span><\/p>\r\n<p style=\"text-align: center;\"><span style=\"font-size: 10pt;\">ASD CRISTOFORO COLOMBO &#8211; CF: 92199620920<\/span><\/p>\r\n<hr>\r\n<p>&nbsp;<\/p>\r\n<p style=\"text-align: justify;\"><span style=\"font-size: 8pt;\"><strong>\u00a9 Copyright&nbsp;<\/strong> La riproduzione con qualsiasi mezzo (analogico, digitale o di altro tipo) \u00e8 assolutamente vietata e perseguibile dal Codice Civile. Non sono concessi l\u2019utilizzo o copia, anche parziale, degli elementi grafici e testuali del presente documento. Il documento successivamente scaricato rilascia al proprietario l\u2019indirizzo IP di chi lo scarica. E\u2019 vietata altres\u00ec la riproduzione del marchio\/logo societario Registrato in data 11\/03\/2024 al numero 302024000040735<br><\/span><\/p>","protected":false},"excerpt":{"rendered":"<p>&nbsp; Le lezioni avranno inizio a settembre 2025 e si terranno presso la palestra dell&#8217;Istituto Comprensivo Santa Caterina nella sede denominata Via Picenoe nella palestra denominata Palestra A del Coni. Sar\u00e0 possibile fare un prova gratuita previa prenotazione obbligatoria telefonicamente (3402446274) o tramite mail (info@ritmicacolombo.it)E\u2019 possibile comunque fare la prima lezione di prova gratuita in [&hellip;]<\/p>\n","protected":false},"author":1,"featured_media":0,"parent":0,"menu_order":0,"comment_status":"closed","ping_status":"closed","template":"","meta":{"ngg_post_thumbnail":0,"footnotes":""},"class_list":["post-35","page","type-page","status-publish","hentry"],"_links":{"self":[{"href":"https:\/\/www.ritmicacolombo.it\/index.php?rest_route=\/wp\/v2\/pages\/35","targetHints":{"allow":["GET"]}}],"collection":[{"href":"https:\/\/www.ritmicacolombo.it\/index.php?rest_route=\/wp\/v2\/pages"}],"about":[{"href":"https:\/\/www.ritmicacolombo.it\/index.php?rest_route=\/wp\/v2\/types\/page"}],"author":[{"embeddable":true,"href":"https:\/\/www.ritmicacolombo.it\/index.php?rest_route=\/wp\/v2\/users\/1"}],"replies":[{"embeddable":true,"href":"https:\/\/www.ritmicacolombo.it\/index.php?rest_route=%2Fwp%2Fv2%2Fcomments&post=35"}],"version-history":[{"count":101,"href":"https:\/\/www.ritmicacolombo.it\/index.php?rest_route=\/wp\/v2\/pages\/35\/revisions"}],"predecessor-version":[{"id":792,"href":"https:\/\/www.ritmicacolombo.it\/index.php?rest_route=\/wp\/v2\/pages\/35\/revisions\/792"}],"wp:attachment":[{"href":"https:\/\/www.ritmicacolombo.it\/index.php?rest_route=%2Fwp%2Fv2%2Fmedia&parent=35"}],"curies":[{"name":"wp","href":"https:\/\/api.w.org\/{rel}","templated":true}]}}