{"id":32,"date":"2013-08-24T17:41:29","date_gmt":"2013-08-24T15:41:29","guid":{"rendered":"http:\/\/www.ritmicacolombo.it\/?page_id=32"},"modified":"2022-08-29T12:09:43","modified_gmt":"2022-08-29T10:09:43","slug":"un-po-di-storia","status":"publish","type":"page","link":"https:\/\/www.ritmicacolombo.it\/?page_id=32","title":{"rendered":"Cristoforo Colombo"},"content":{"rendered":"<p style=\"text-align: justify;\"><span style=\"font-size: small; font-family: arial,helvetica,sans-serif;\"><b>Perch\u00e9 la nuova scuola di ginnastica ritmica si chiama \u201cCristoforo Colombo\u201d?<\/b><\/span><\/p>\n<p style=\"text-align: justify;\"><span style=\"font-size: small; font-family: arial,helvetica,sans-serif;\">Quando diversi anni fa ha iniziato a prendere forma l\u2019idea di fondare una nuova scuola di ginnastica ritmica, il pensiero \u00e8 volato immediatamente alla nostra gloriosa societ\u00e0, la Cristoforo Colombo, nelle cui fila abbiamo militato per tantissimo tempo nel corso dell\u2019infanzia e dell\u2019adolescenza.<\/span><\/p>\n<p style=\"text-align: justify;\"><span style=\"font-size: small; font-family: arial,helvetica,sans-serif;\">La societ\u00e0 Cristoforo Colombo, fondata dalla Prof.ssa Olga Orr\u00f9 negli anni ottanta, ha rappresentato per oltre un ventennio l\u2019eccellenza della Ginnastica Ritmica sarda, raggiungendo i vertici di questa meravigliosa disciplina.<\/span><\/p>\n<p style=\"text-align: justify;\"><span style=\"font-size: small; font-family: arial,helvetica,sans-serif;\">Grazie all\u2019impegno delle sue istruttrici e delle atlete che si sono succedute nel &nbsp;tempo, la Societ\u00e0 si \u00e8 aggiudicata numerosi titoli regionali, interregionali e nazionali, ha partecipato a diversi campionati di serie \u201cA\u201d e ai campionati italiani assoluti di squadra.<\/span><\/p>\n<p style=\"text-align: justify;\"><span style=\"font-size: small; font-family: arial,helvetica,sans-serif;\">Non \u00e8 semplice, in poche righe, riassumere le indimenticabili esperienze vissute come ginnaste indossando la maglia della squadra cagliaritana, ma proprio quei ricordi cos\u00ec indelebili nella nostra memoria, ci hanno spinte a fondare nuovamente la societ\u00e0 Cristoforo Colombo e a riallacciarci, mentalmente, ai pomeriggi della nostra adolescenza, trascorsi sulle pedane tra palle, nastri e clavette.<\/span><\/p>\n<p style=\"text-align: justify;\"><span style=\"font-size: small; font-family: arial,helvetica,sans-serif;\">Siamo consapevoli di raccogliere un\u2019eredit\u00e0 importante e per questo ringraziamo la prof.ssa Olga Orr\u00f9 per averci accordato la sua fiducia e per averci permesso di prendere in consegna un testimone cos\u00ec glorioso, nella speranza che il nome della Cristoforo Colombo possa vivere nuovamente stagioni ricche di soddisfazioni.<\/span><\/p>\n<p style=\"text-align: justify;\"><span style=\"font-size: small; font-family: arial,helvetica,sans-serif;\"><b>Perch\u00e9 iscrivere una bambina ai corsi di Ginnastica Ritmica?<\/b><\/span><\/p>\n<p style=\"text-align: justify;\"><span style=\"font-size: small; font-family: arial,helvetica,sans-serif;\">La ginnastica ritmica \u00e8 una disciplina olimpica prettamente femminile nella quale vengono utilizzati cinque piccoli attrezzi: la fune, il cerchio, la palla, le clavette e il nastro.<\/span><\/p>\n<p style=\"text-align: justify;\"><span style=\"font-size: small; font-family: arial,helvetica,sans-serif;\">Essa coniuga un aspetto marcatamente atletico, con uno pi\u00f9 artistico, grazie all\u2019introduzione di elementi propri della danza classica e al costante accompagnamento musicale.<\/span><\/p>\n<p style=\"text-align: justify;\"><span style=\"font-size: small; font-family: arial,helvetica,sans-serif;\">La ginnastica ritmica \u00e8 senz\u2019altro uno degli sport pi\u00f9 completi, infatti essa favorisce l&#8217;accrescimento armonico della muscolatura, aumenta la mobilit\u00e0 e la scioltezza dei movimenti, acuisce i riflessi e la coordinazione. Rinforza la muscolatura e migliora la postura.<\/span><\/p>\n<p style=\"text-align: justify;\"><span style=\"font-size: small; font-family: arial,helvetica,sans-serif;\">Inoltre, stimola la creativit\u00e0, l&#8217;autodisciplina e lo spirito di squadra.<\/span><\/p>\n<p style=\"text-align: justify;\"><span style=\"font-size: small; font-family: arial,helvetica,sans-serif;\">&nbsp;<\/span><\/p>\n<p style=\"text-align: justify;\"><strong><span style=\"font-size: small; font-family: arial,helvetica,sans-serif;\">Perch\u00e9 le palestre degli istituti scolastici a Cagliari?<\/span><\/strong><\/p>\n<p style=\"text-align: justify;\"><span style=\"font-size: small; font-family: arial,helvetica,sans-serif;\">Perch\u00e9 ci piace l\u2019idea di seminare nuovamente la ginnastica ritmica nel cuore di Cagliari, al centro della citt\u00e0.<\/span><\/p>\n<p style=\"text-align: justify;\"><span style=\"font-size: small; font-family: arial,helvetica,sans-serif;\"><b>Perch\u00e9 la collaborazione con la compagnia di danza Varitm\u00e8s?<\/b><\/span><\/p>\n<p style=\"text-align: justify;\"><span style=\"font-size: small; font-family: arial,helvetica,sans-serif;\">La ginnastica ritmica e la danza sono due mondi comunicanti e vicini tra loro che purtroppo per lungo tempo si sono guardati con reciproca diffidenza.<\/span><\/p>\n<p style=\"text-align: justify;\"><span style=\"font-size: small; font-family: arial,helvetica,sans-serif;\">Nell\u2019ambiente della ginnastica, la danza \u00e8 vissuta spesso solo come uno strumento (talvolta noioso) per migliorare alcuni aspetti tecnici degli esercizi. Viceversa, la danza tende a snobbare la ginnastica, in quanto percepita soltanto come puro virtuosismo lontano dall\u2019arte e dalle arti performative.<\/span><\/p>\n<p style=\"text-align: justify;\"><span style=\"font-size: small; font-family: arial,helvetica,sans-serif;\">Quando nel 1999, una volta terminata l\u2019attivit\u00e0 agonistica, ci siamo avvicinate al mondo della danza, ci siamo scontrate con la diffidenza di un ambiente chiuso e ostile agli innesti esterni.<\/span><\/p>\n<p style=\"text-align: justify;\"><span style=\"font-size: small; font-family: arial,helvetica,sans-serif;\">In realt\u00e0, siamo fermamente convinte che i due pianeti ginnastica-danza siano molto pi\u00f9 vicini di quanto gli stessi protagonisti non credano e che da una collaborazione e contaminazione possano nascere esperienze interessanti e formative.<\/span><\/p>\n<p style=\"text-align: justify;\"><span style=\"font-size: small; font-family: arial,helvetica,sans-serif;\">Da qui il progetto di affiancare alla scuola di ginnastica un laboratorio di danza e di raccogliere le esperienze delle ragazze maturate sulla pedana, per rinnovarle e traghettarle nel mondo dell\u2019arte.<\/span><\/p>\n<p style=\"text-align: justify;\"><span style=\"font-size: small; font-family: arial,helvetica,sans-serif;\">Valentina Angius e Silvia Pietrangelia tanto tempo fa&#8230;&#8230;<\/span><\/p>\n<div id=\"attachment_75\" style=\"width: 540px\" class=\"wp-caption alignnone\"><a href=\"http:\/\/www.ritmicacolombo.it\/public\/wp-content\/uploads\/2013\/08\/valesilvi_sito.jpg\"><img loading=\"lazy\" decoding=\"async\" aria-describedby=\"caption-attachment-75\" class=\"wp-image-75 \" title=\"Valentina e Silvia nel 1991\" src=\"http:\/\/www.ritmicacolombo.it\/public\/wp-content\/uploads\/2013\/08\/valesilvi_sito.jpg\" alt=\"valesilvi_sito\" width=\"530\" height=\"348\" srcset=\"https:\/\/www.ritmicacolombo.it\/public\/wp-content\/uploads\/2013\/08\/valesilvi_sito.jpg 960w, https:\/\/www.ritmicacolombo.it\/public\/wp-content\/uploads\/2013\/08\/valesilvi_sito-300x196.jpg 300w, https:\/\/www.ritmicacolombo.it\/public\/wp-content\/uploads\/2013\/08\/valesilvi_sito-624x408.jpg 624w\" sizes=\"auto, (max-width: 530px) 100vw, 530px\" \/><\/a><p id=\"caption-attachment-75\" class=\"wp-caption-text\">Valentina e Silvia nel 1991<\/p><\/div>\n<p style=\"text-align: justify;\">&nbsp;<\/p>\n","protected":false},"excerpt":{"rendered":"<p>Perch\u00e9 la nuova scuola di ginnastica ritmica si chiama \u201cCristoforo Colombo\u201d? Quando diversi anni fa ha iniziato a prendere forma l\u2019idea di fondare una nuova scuola di ginnastica ritmica, il pensiero \u00e8 volato immediatamente alla nostra gloriosa societ\u00e0, la Cristoforo Colombo, nelle cui fila abbiamo militato per tantissimo tempo nel corso dell\u2019infanzia e dell\u2019adolescenza. La [&hellip;]<\/p>\n","protected":false},"author":1,"featured_media":0,"parent":0,"menu_order":0,"comment_status":"closed","ping_status":"closed","template":"","meta":{"ngg_post_thumbnail":0,"footnotes":""},"class_list":["post-32","page","type-page","status-publish","hentry"],"_links":{"self":[{"href":"https:\/\/www.ritmicacolombo.it\/index.php?rest_route=\/wp\/v2\/pages\/32","targetHints":{"allow":["GET"]}}],"collection":[{"href":"https:\/\/www.ritmicacolombo.it\/index.php?rest_route=\/wp\/v2\/pages"}],"about":[{"href":"https:\/\/www.ritmicacolombo.it\/index.php?rest_route=\/wp\/v2\/types\/page"}],"author":[{"embeddable":true,"href":"https:\/\/www.ritmicacolombo.it\/index.php?rest_route=\/wp\/v2\/users\/1"}],"replies":[{"embeddable":true,"href":"https:\/\/www.ritmicacolombo.it\/index.php?rest_route=%2Fwp%2Fv2%2Fcomments&post=32"}],"version-history":[{"count":14,"href":"https:\/\/www.ritmicacolombo.it\/index.php?rest_route=\/wp\/v2\/pages\/32\/revisions"}],"predecessor-version":[{"id":506,"href":"https:\/\/www.ritmicacolombo.it\/index.php?rest_route=\/wp\/v2\/pages\/32\/revisions\/506"}],"wp:attachment":[{"href":"https:\/\/www.ritmicacolombo.it\/index.php?rest_route=%2Fwp%2Fv2%2Fmedia&parent=32"}],"curies":[{"name":"wp","href":"https:\/\/api.w.org\/{rel}","templated":true}]}}